{"id":7403,"date":"2023-07-12T09:59:26","date_gmt":"2023-07-12T08:59:26","guid":{"rendered":"https:\/\/www.netica.si\/stage-netica-si\/?page_id=7403"},"modified":"2023-07-12T10:25:24","modified_gmt":"2023-07-12T09:25:24","slug":"privacy-cookies","status":"publish","type":"page","link":"https:\/\/www.netica.si\/si\/privacy-cookies\/","title":{"rendered":"Zasebnost in pi\u0161kotki"},"content":{"rendered":"<div id=\"who\" class=\"fusion-container-anchor\"><div class=\"fusion-fullwidth fullwidth-box fusion-builder-row-1 fusion-flex-container has-pattern-background has-mask-background nonhundred-percent-fullwidth non-hundred-percent-height-scrolling\" style=\"--link_hover_color: var(--awb-color5);--link_color: var(--awb-color5);--awb-background-position:right top;--awb-background-blend-mode:overlay;--awb-border-color:var(--awb-color1);--awb-border-radius-top-left:0px;--awb-border-radius-top-right:0px;--awb-border-radius-bottom-right:0px;--awb-border-radius-bottom-left:0px;--awb-padding-top:0px;--awb-padding-bottom:120px;--awb-padding-top-medium:90px;--awb-padding-bottom-medium:90px;--awb-padding-top-small:80px;--awb-padding-bottom-small:80px;--awb-margin-top:0px;--awb-margin-bottom-medium:0px;--awb-background-color:var(--awb-color1);--awb-flex-wrap:wrap;\" ><div class=\"fusion-builder-row fusion-row fusion-flex-align-items-center fusion-flex-content-wrap\" style=\"max-width:1248px;margin-left: calc(-4% \/ 2 );margin-right: calc(-4% \/ 2 );\"><div class=\"fusion-layout-column fusion_builder_column fusion-builder-column-0 fusion_builder_column_1_1 1_1 fusion-flex-column fusion-animated\" style=\"--awb-padding-bottom-medium:0px;--awb-bg-size:cover;--awb-width-large:100%;--awb-margin-top-large:0px;--awb-spacing-right-large:1.92%;--awb-margin-bottom-large:0px;--awb-spacing-left-large:55px;--awb-width-medium:50%;--awb-order-medium:0;--awb-spacing-right-medium:3.84%;--awb-spacing-left-medium:20px;--awb-width-small:100%;--awb-order-small:0;--awb-spacing-right-small:1.92%;--awb-spacing-left-small:20px;\" data-animationtype=\"fadeInRight\" data-animationduration=\"1.3\" data-animationoffset=\"top-into-view\"><div class=\"fusion-column-wrapper fusion-column-has-shadow fusion-flex-justify-content-flex-start fusion-content-layout-column\"><div class=\"fusion-text fusion-text-1\"><h5><strong>SPLO\u0160NO<\/strong><\/h5>\n<p>V podjetju Netica, d.o.o. se zavedamo pomena varovanja osebnih podatkov, zato z njimi ravnamo odgovorno in skrbno ter v skladu z ustrezno lokalno zakonodajo o varstvu osebnih podatkov in Splo\u0161no uredbo o varstvu podatkov (Uredba (EU) 2016\/679 Evropskega Parlamenta in Sveta o varstvu posameznikov pri obdelavi osebnih podatkov in o prostem pretoku teh podatkov ter o razveljavitvi Direktive 95\/46\/ES) (v nadaljevanju: GDPR).<\/p>\n<p>Ta pravilnik o zasebnosti velja za spletno mesto Netica in vse obrazce, aplikacije, prenose, storitve ali orodja (skupaj \u00bbstoritve\u00ab) ne glede na to, kako do njih dostopate ali jih uporabljate, vklju\u010dno z mobilnimi napravami.<\/p>\n<p>V skladu z veljavno lokalno zakonodajo, Splo\u0161no uredbo o varstvu podatkov in drugimi predpisi Netica deluje tudi kot obdelovalec podatkov, zato obdeluje osebne podatke na podlagi pogodb o obdelavi podatkov.<\/p>\n<h6><\/h6>\n<h5><strong>PODATKI O DRU\u017dBI \u2013 UPRAVLJALCU OSEBNIH PODATKOV<\/strong><\/h5>\n<p>Upravljavec podatkov je dru\u017eba:<\/p>\n<p>Netica d.o.o. (od tu naprej: Netica)<br \/>\nRete\u010de 97<br \/>\n4220 \u0160kofja Loka, Slovenija<\/p>\n<h5><\/h5>\n<h5><strong>DEFINICIJE<\/strong><\/h5>\n<p><strong>\"Osebni podatki\"<\/strong> pomeni vse informacije v zvezi z dolo\u010denim ali dolo\u010dljivim posameznikom; dolo\u010dljiv posameznik je tisti, ki ga je mogo\u010de neposredno ali posredno identificirati, zlasti s sklicevanjem na identifikator, kot je ime, identifikacijska \u0161tevilka, podatki o lokaciji, spletni identifikator, ali s sklicevanjem na enega ali ve\u010d dejavnikov, zna\u010dilnih za fizi\u010dno, fiziolo\u0161ka, genetska, mentalna, ekonomska, kulturna ali dru\u017ebena identiteta tega posameznika;<\/p>\n<p><strong>'Obravnavati' <\/strong>pomeni kakr\u0161no koli operacijo ali niz operacij, ki se izvaja z osebnimi podatki ali nizi osebnih podatkov, ne glede na to, ali z avtomatiziranimi sredstvi ali ne, kot je zbiranje, snemanje, organiziranje, strukturiranje, shranjevanje, prilagajanje ali spreminjanje, iskanje, posvetovanje, uporaba, razkritje s strani prenos, raz\u0161irjanje ali druga\u010dno dajanje na voljo, uskladitev ali kombinacija, omejitev, izbris ali uni\u010denje;<\/p>\n<p><strong>\"Upravljavec\"<\/strong> pomeni fizi\u010dno ali pravno osebo, javni organ, agencijo ali drugo telo, ki samo ali skupaj z drugimi dolo\u010da namene in sredstva obdelave; kadar so nameni in sredstva obdelave dolo\u010deni s pravom Unije ali pravom dr\u017eave \u010dlanice, lahko upravljavca ali posebna merila za njegovo imenovanje dolo\u010di pravo Unije ali pravo dr\u017eave \u010dlanice;<\/p>\n<p><strong>\u201cProcesor\u201d<\/strong> pomeni fizi\u010dno ali pravno osebo, javni organ, agencijo ali drugo telo, ki obdeluje osebne podatke v imenu upravljavca; Procesor je Microsoft Corporation, 1 Microsoft Way, Redmond, WA (Microsoft), ki zagotavlja Netica d.o.o. s prodajnimi, marketin\u0161kimi in uporabni\u0161kimi orodji za svoje marketin\u0161ke namene.<\/p>\n<p>Vsi tukaj uporabljeni izrazi imajo enak pomen, kot je dolo\u010den v GDPR.<\/p>\n<h5><\/h5>\n<h5><strong>OBDELAVA OSEBNIH PODATKOV<\/strong><\/h5>\n<p>Ko dostopate do spletnega mesta Netica, se informacije o napravi, ki jo uporabljate, in nekateri drugi podatki (IP naslov, datum in \u010das obiska) samodejno zbirajo z uporabo pi\u0161kotkov (glej spodaj).<\/p>\n<p>Netica obdeluje va\u0161e osebne podatke tudi z va\u0161im dovoljenjem\/soglasjem, tako da nam jih posredujete preko izpolnjenega obrazca ali na drug na\u010din. V slednjem primeru lahko Netica zbira naslednje osebne podatke:<\/p>\n<ul>\n<li>ime,<\/li>\n<li>priimek,<\/li>\n<li>email naslov,<\/li>\n<li>telefonska \u0161tevilka (izjemoma)<\/li>\n<li>delovno mesto,<\/li>\n<li>podjetje<\/li>\n<\/ul>\n<p>Netica potrebuje te informacije, da bolje razume va\u0161e potrebe in zagotovi odgovore na vpra\u0161anja in\/ali prejete komentarje. \u010ce nam daste soglasje, lahko Netica ob\u010dasno po\u0161lje promocijska e-po\u0161tna sporo\u010dila o novih izdelkih in posebnih ponudbah ali drugih informacijah, ki bi vas lahko zanimale, na e-po\u0161tni naslov, ki ste ga navedli. \u010ce takih informacij ne \u017eelite ve\u010d prejemati, se lahko kadar koli odjavite tako, da po\u0161ljete e-po\u0161tno sporo\u010dilo na naslov <a href=\"mailto:info@netica.si\">info@netica.si<\/a>.<\/p>\n<h5><\/h5>\n<h5><strong>PRAVICE SUBJEKT, NA KATEREGA SE PODATKI NANA\u0160AJO<\/strong><\/h5>\n<p>Netica spo\u0161tuje va\u0161e pravice v skladu z GDPR in drugo relevantno zakonodajo o varstvu podatkov:<\/p>\n<ul>\n<li>Pravica do dostopa: Pravico imate vedeti, katere osebne podatke o vas hrani Netica.<\/li>\n<li>Pravica do prenosljivosti podatkov: na va\u0161o zahtevo vam bo Netica brezpla\u010dno zagotovila kopijo va\u0161ih osebnih podatkov v strukturirani, splo\u0161no uporabljani in strojno berljivi obliki.<\/li>\n<li>Pravica do popravka: \u010ce so va\u0161i osebni podatki napa\u010dni ali nepopolni, lahko od Netice zahtevate posodobitev (popravek neto\u010dnih osebnih podatkov).<\/li>\n<li>Pravica do omejitve obdelave: Imate pravico ugovarjati obdelavi va\u0161ih osebnih podatkov s strani Netice.<\/li>\n<li>Pravica do ugovora: Svojo privolitev (\u010de je privolitev pravna podlaga za obdelavo va\u0161ih osebnih podatkov) imate pravico kadarkoli brez stro\u0161kov in brez navedbe razloga umakniti. Prosimo, po\u0161ljite e-po\u0161to na: <a href=\"mailto:info@netica.si\">info@netica.si<\/a>.<\/li>\n<li>Pravica do izbrisa\/izbrisa: Prav tako lahko zahtevate, da izbri\u0161emo va\u0161e osebne podatke.<\/li>\n<\/ul>\n<p>Va\u0161i osebni podatki se obdelujejo, varujejo in shranjujejo na Microsoftovih stre\u017enikih (<a href=\"https:\/\/www.microsoft.com\/en-us\/trust-center\/privacy\/data-location\">https:\/\/www.microsoft.com\/en-us\/trust-center\/privacy\/data-location<\/a>).<\/p>\n<h5><\/h5>\n<h5><strong>PROTECTION OF PERSONAL DATA<\/strong><\/h5>\n<p>Netica izvaja ustrezne tehni\u010dne in organizacijske ukrepe za zagotavljanje visoke stopnje varovanja osebnih podatkov (nekateri ukrepi, ki jih izvaja Netica so: uporaba po\u017earnih zidov in \u0161ifriranje podatkov, nadzor fizi\u010dnega dostopa \u2013 varovanje IT prostorov in opreme ter nadzor dostopa do informacij avtorizacije prek sistema gesel za avtorizacijo in identifikacijo uporabnikov).<\/p>\n<h5><\/h5>\n<h5><strong>OBDOBJE HRAMBE OSEBNIH PODATKOV<\/strong><\/h5>\n<p>Netica bo va\u0161e osebne podatke hranila toliko \u010dasa, kolikor je potrebno za zagotavljanje storitev, vendar ne dlje kot tri leta po zadnji poslovni komunikaciji.<\/p>\n<p>V primeru, da prekli\u010dete soglasje za prejemanje marketin\u0161kih gradiv ali odjavo od prejemanja novic podjetja, bo Netica va\u0161e osebne podatke nemudoma, najkasneje pa v enem mesecu, izbrisala iz svojih zbirk.<\/p>\n<p>Obdobje hrambe podatkov, pridobljenih s pi\u0161kotki, je opredeljeno spodaj.<\/p>\n<h5><\/h5>\n<h5><strong>VELJAVNOST<\/strong><\/h5>\n<p>Netica lahko kadar koli spremeni ta pravilnik o zasebnosti tako, da spremenjeno razli\u010dico objavi na spletnem mestu, skupaj z datumom za\u010detka veljavnosti spremenjene razli\u010dice. Trenutna razli\u010dica tega pravilnika o zasebnosti velja od 1. julija 2023.<\/p>\n<h5><\/h5>\n<h5><strong>PI\u0160KOTKI<\/strong><\/h5>\n<ul class=\"ul1\">\n<li class=\"li1\">cookie-banner-seen (website, to store cookie banner settings, 1 week)<\/li>\n<li class=\"li1\">_ga(This cookie is a Google Analytics persistent cookie which is used to distinguish unique users; 1 year)<\/li>\n<li class=\"li1\">_gid (This cookie is installed by Google Analytics. The cookie is used to store information of how visitors use a website and helps in creating an analytics report of how the website is doing. The data collected including the number visitors, the source where they have come from, and the pages visited in an anonymous form; 1 day)<\/li>\n<li class=\"li1\">_gcl_au (Cookie is placed by Google Adsense. The functionality is to store and track conversions.)<\/li>\n<\/ul>\n<\/div><\/div><\/div><\/div><\/div><\/div>","protected":false},"excerpt":{"rendered":"","protected":false},"author":1,"featured_media":500,"parent":0,"menu_order":0,"comment_status":"closed","ping_status":"closed","template":"100-width.php","meta":{"om_disable_all_campaigns":false,"_monsterinsights_skip_tracking":false,"_monsterinsights_sitenote_active":false,"_monsterinsights_sitenote_note":"","_monsterinsights_sitenote_category":0,"_uf_show_specific_survey":0,"_uf_disable_surveys":false,"footnotes":""},"class_list":["post-7403","page","type-page","status-publish","has-post-thumbnail","hentry"],"aioseo_notices":[],"_links":{"self":[{"href":"https:\/\/www.netica.si\/si\/wp-json\/wp\/v2\/pages\/7403","targetHints":{"allow":["GET"]}}],"collection":[{"href":"https:\/\/www.netica.si\/si\/wp-json\/wp\/v2\/pages"}],"about":[{"href":"https:\/\/www.netica.si\/si\/wp-json\/wp\/v2\/types\/page"}],"author":[{"embeddable":true,"href":"https:\/\/www.netica.si\/si\/wp-json\/wp\/v2\/users\/1"}],"replies":[{"embeddable":true,"href":"https:\/\/www.netica.si\/si\/wp-json\/wp\/v2\/comments?post=7403"}],"version-history":[{"count":12,"href":"https:\/\/www.netica.si\/si\/wp-json\/wp\/v2\/pages\/7403\/revisions"}],"predecessor-version":[{"id":7406,"href":"https:\/\/www.netica.si\/si\/wp-json\/wp\/v2\/pages\/7403\/revisions\/7406"}],"wp:featuredmedia":[{"embeddable":true,"href":"https:\/\/www.netica.si\/si\/wp-json\/wp\/v2\/media\/500"}],"wp:attachment":[{"href":"https:\/\/www.netica.si\/si\/wp-json\/wp\/v2\/media?parent=7403"}],"curies":[{"name":"wp","href":"https:\/\/api.w.org\/{rel}","templated":true}]}}